{"id":22,"date":"2022-09-23T08:11:42","date_gmt":"2022-09-23T08:11:42","guid":{"rendered":"http:\/\/www.kurebt.com\/?page_id=22"},"modified":"2022-09-23T08:11:42","modified_gmt":"2022-09-23T08:11:42","slug":"bir-ana-sayfa-bolumu","status":"publish","type":"page","link":"http:\/\/www.kurebt.com\/index.php\/bir-ana-sayfa-bolumu\/","title":{"rendered":"Bir ana sayfa b\u00f6l\u00fcm\u00fc"},"content":{"rendered":"\n<p>Bu \u00f6rnek bir ana sayfa b\u00f6l\u00fcm\u00fcd\u00fcr. Ana sayfa b\u00f6l\u00fcmleri ana sayfan\u0131n harici hari\u00e7 herhangi bir sayfa olabilir, en son blog yaz\u0131lar\u0131n\u0131z\u0131 g\u00f6steren sayfa dahil.<\/p>\n","protected":false},"excerpt":{"rendered":"<p>Bu \u00f6rnek bir ana sayfa b\u00f6l\u00fcm\u00fcd\u00fcr. Ana sayfa b\u00f6l\u00fcmleri ana sayfan\u0131n harici hari\u00e7 herhangi bir sayfa olabilir, en son blog yaz\u0131lar\u0131n\u0131z\u0131 g\u00f6steren sayfa dahil.<\/p>\n","protected":false},"author":1,"featured_media":15,"parent":0,"menu_order":0,"comment_status":"closed","ping_status":"closed","template":"","meta":[],"_links":{"self":[{"href":"http:\/\/www.kurebt.com\/index.php\/wp-json\/wp\/v2\/pages\/22"}],"collection":[{"href":"http:\/\/www.kurebt.com\/index.php\/wp-json\/wp\/v2\/pages"}],"about":[{"href":"http:\/\/www.kurebt.com\/index.php\/wp-json\/wp\/v2\/types\/page"}],"author":[{"embeddable":true,"href":"http:\/\/www.kurebt.com\/index.php\/wp-json\/wp\/v2\/users\/1"}],"replies":[{"embeddable":true,"href":"http:\/\/www.kurebt.com\/index.php\/wp-json\/wp\/v2\/comments?post=22"}],"version-history":[{"count":1,"href":"http:\/\/www.kurebt.com\/index.php\/wp-json\/wp\/v2\/pages\/22\/revisions"}],"predecessor-version":[{"id":29,"href":"http:\/\/www.kurebt.com\/index.php\/wp-json\/wp\/v2\/pages\/22\/revisions\/29"}],"wp:featuredmedia":[{"embeddable":true,"href":"http:\/\/www.kurebt.com\/index.php\/wp-json\/wp\/v2\/media\/15"}],"wp:attachment":[{"href":"http:\/\/www.kurebt.com\/index.php\/wp-json\/wp\/v2\/media?parent=22"}],"curies":[{"name":"wp","href":"https:\/\/api.w.org\/{rel}","templated":true}]}}