{"id":18,"date":"2022-09-23T08:11:42","date_gmt":"2022-09-23T08:11:42","guid":{"rendered":"http:\/\/www.kurebt.com\/?page_id=18"},"modified":"2022-09-23T20:48:43","modified_gmt":"2022-09-23T20:48:43","slug":"ana-sayfa","status":"publish","type":"page","link":"http:\/\/www.kurebt.com\/","title":{"rendered":"END\u00dcSTR\u0130YEL YA\u011eLAR \u00dcR\u00dcNLER\u0130M\u0130Z"},"content":{"rendered":"\n<p>K\u00f6kl\u00fc End\u00fcstriyel Ya\u011flar, uzun y\u0131llard\u0131r kaliteli \u00fcr\u00fcnleri ve m\u00fc\u015fteri memnuniyetini \u00f6n planda tutan anlay\u0131\u015f\u0131yla hizmet vermektedir. Madeni ya\u011flar, filtreler ve \u00f6zel \u00fcr\u00fcnler kategorilerinde \u00fcr\u00fcnler satan&nbsp;K\u00f6kl\u00fc End\u00fcstriyel Ya\u011flar, Alpet, \u015eampiyon Filtre, Mobil, Petrol Ofisi, Shell ve Castrol markalar\u0131n\u0131n \u00fcr\u00fcnlerinin sat\u0131\u015f\u0131n\u0131 yapmaktad\u0131r.<\/p>\n\n\n\n<p><\/p>\n","protected":false},"excerpt":{"rendered":"<p>K\u00f6kl\u00fc End\u00fcstriyel Ya\u011flar, uzun y\u0131llard\u0131r kaliteli \u00fcr\u00fcnleri ve m\u00fc\u015fteri memnuniyetini \u00f6n planda tutan anlay\u0131\u015f\u0131yla hizmet vermektedir. Madeni ya\u011flar, filtreler ve \u00f6zel \u00fcr\u00fcnler kategorilerinde \u00fcr\u00fcnler satan&nbsp;K\u00f6kl\u00fc End\u00fcstriyel Ya\u011flar, Alpet, \u015eampiyon Filtre, Mobil, Petrol Ofisi, Shell ve Castrol markalar\u0131n\u0131n \u00fcr\u00fcnlerinin sat\u0131\u015f\u0131n\u0131 yapmaktad\u0131r.<\/p>\n","protected":false},"author":1,"featured_media":0,"parent":0,"menu_order":0,"comment_status":"closed","ping_status":"closed","template":"","meta":[],"_links":{"self":[{"href":"http:\/\/www.kurebt.com\/index.php\/wp-json\/wp\/v2\/pages\/18"}],"collection":[{"href":"http:\/\/www.kurebt.com\/index.php\/wp-json\/wp\/v2\/pages"}],"about":[{"href":"http:\/\/www.kurebt.com\/index.php\/wp-json\/wp\/v2\/types\/page"}],"author":[{"embeddable":true,"href":"http:\/\/www.kurebt.com\/index.php\/wp-json\/wp\/v2\/users\/1"}],"replies":[{"embeddable":true,"href":"http:\/\/www.kurebt.com\/index.php\/wp-json\/wp\/v2\/comments?post=18"}],"version-history":[{"count":5,"href":"http:\/\/www.kurebt.com\/index.php\/wp-json\/wp\/v2\/pages\/18\/revisions"}],"predecessor-version":[{"id":47,"href":"http:\/\/www.kurebt.com\/index.php\/wp-json\/wp\/v2\/pages\/18\/revisions\/47"}],"wp:attachment":[{"href":"http:\/\/www.kurebt.com\/index.php\/wp-json\/wp\/v2\/media?parent=18"}],"curies":[{"name":"wp","href":"https:\/\/api.w.org\/{rel}","templated":true}]}}